{"id":139,"date":"2024-06-13T20:09:49","date_gmt":"2024-06-13T20:09:49","guid":{"rendered":"http:\/\/malatyaaquapark.com\/?page_id=139"},"modified":"2024-06-14T02:40:08","modified_gmt":"2024-06-14T02:40:08","slug":"hakkimizda","status":"publish","type":"page","link":"https:\/\/malatyaaquapark.com\/index.php\/hakkimizda\/","title":{"rendered":"Hakk\u0131m\u0131zda"},"content":{"rendered":"\n<div class=\"wp-block-columns is-layout-flex wp-container-core-columns-is-layout-9d6595d7 wp-block-columns-is-layout-flex\">\n<div class=\"wp-block-column is-layout-flow wp-block-column-is-layout-flow\">\n<figure class=\"wp-block-image\"><img loading=\"lazy\" decoding=\"async\" width=\"1024\" height=\"465\" src=\"https:\/\/malatyaaquapark.com\/wp-content\/uploads\/2024\/06\/hakkimizda_2-2-1024x465.jpg\" alt=\"\" class=\"wp-image-142\" srcset=\"https:\/\/malatyaaquapark.com\/wp-content\/uploads\/2024\/06\/hakkimizda_2-2-1024x465.jpg 1024w, https:\/\/malatyaaquapark.com\/wp-content\/uploads\/2024\/06\/hakkimizda_2-2-300x136.jpg 300w, https:\/\/malatyaaquapark.com\/wp-content\/uploads\/2024\/06\/hakkimizda_2-2-768x349.jpg 768w, https:\/\/malatyaaquapark.com\/wp-content\/uploads\/2024\/06\/hakkimizda_2-2.jpg 1242w\" sizes=\"auto, (max-width: 1024px) 100vw, 1024px\" \/><\/figure>\n<\/div>\n<\/div>\n\n\n\n<p>De\u011ferli Misafirlerimiz, K\u0131ymetli Malatyal\u0131lar Malatya aquapark 20 Eyl\u00fcl 2015 tarihinde Malatya\u2019l\u0131 \u015eaml\u0131o\u011flu ailesi taraf\u0131ndan sat\u0131n al\u0131nm\u0131\u015ft\u0131r. Tesis 2016 ve 2017 sezonunda k\u0131smi iyile\u015ftirmeler haricinde 2018 sezonunda komple yenilenmi\u015ftir. Malatya Aquapark, komple yenilemeden sonra bayanlara \u00f6zel y\u00fczme havuzu, \u00e7ocuklar i\u00e7in yeni y\u00fczme havuzlar\u0131 ve kayd\u0131raklar ayr\u0131ca yeti\u015fkinler i\u00e7in e\u011flenceli su kayd\u0131raklar\u0131 da tesis b\u00fcnyesine eklenmi\u015ftir. Tesisimizde su kayd\u0131raklar\u0131 ve y\u00fczme havuzlar\u0131 d\u0131\u015f\u0131nda baraj g\u00f6l\u00fcn\u00fcn enfes manzaras\u0131 ve temiz havas\u0131n\u0131 soluyabilece\u011finiz Teras Kafe yenileme kapsam\u0131nda ziyaret\u00e7ilerimizin kullan\u0131m\u0131na sunulmu\u015ftur.<\/p>\n\n\n\n<p>Has\u0131rc\u0131lar mevkiinde bulunan tesisimiz toplam 27.000 m2 \u00fczerine kuruludur. Tesisimizde Restoran, Cafe, y\u00fczme havuzu, kayd\u0131rak havuzu, \u00e7ocuk havuzu, \u00e7ocuk oyun alan\u0131, soyunma-giyinme odalar\u0131 ve ye\u015fil alanlar bulunmaktad\u0131r. Tesisimizde havuz ve kayd\u0131raklar\u0131n toplam m\u00fc\u015fteri kapasitesi 1.000 ki\u015fidir.<\/p>\n\n\n\n<p>Sa\u011fl\u0131k ve esenlikler diliyoruz. Yaz boyu s\u00fcrekli g\u00f6r\u00fc\u015fmek \u00fczere..<\/p>\n\n\n\n<p><\/p>\n\n\n\n<p><\/p>\n\n\n\n<h5 class=\"wp-block-heading has-text-align-center\"><strong>Di\u011fer Markalar\u0131m\u0131z<\/strong><\/h5>\n\n\n\n<p><\/p>\n\n\n<div class=\"wp-block-image\">\n<figure class=\"aligncenter size-full is-resized\"><a href=\"https:\/\/www.samlioglu.net\/insaat\/giris.html\"><img loading=\"lazy\" decoding=\"async\" width=\"227\" height=\"59\" src=\"https:\/\/malatyaaquapark.com\/wp-content\/uploads\/2024\/06\/samlioglugrup-1.jpg\" alt=\"\" class=\"wp-image-143\" style=\"width:192px;height:auto\"\/><\/a><\/figure><\/div>\n\n\n<p class=\"has-text-align-center\">Elektromekanik tesisat, g\u0131da, turizm ve in\u015faat alanlar\u0131nda yat\u0131r\u0131mlar\u0131 bulunmaktad\u0131r.<\/p>\n\n\n\n<p><\/p>\n\n\n<div class=\"wp-block-image\">\n<figure class=\"aligncenter size-full\"><img loading=\"lazy\" decoding=\"async\" width=\"241\" height=\"73\" src=\"https:\/\/malatyaaquapark.com\/wp-content\/uploads\/2024\/06\/aquacity-malatya.png\" alt=\"\" class=\"wp-image-144\"\/><\/figure><\/div>\n\n\n<p>Malatya Karakaya Baraj g\u00f6l\u00fc havzas\u0131nda kurulu, y\u00fczme havuzlar\u0131, kayd\u0131raklar ve restoran &amp; kafeden olu\u015fan, 27.000 m2 alan \u00fczerine kurulu bir e\u011flence tesisidir.<\/p>\n\n\n\n<p><\/p>\n\n\n<div class=\"wp-block-image\">\n<figure class=\"aligncenter size-full is-resized\"><a href=\"https:\/\/www.magrogida.com\/\"><img loading=\"lazy\" decoding=\"async\" width=\"201\" height=\"124\" src=\"https:\/\/malatyaaquapark.com\/wp-content\/uploads\/2024\/06\/magro.jpg\" alt=\"\" class=\"wp-image-145\" style=\"width:201px;height:auto\"\/><\/a><\/figure><\/div>\n\n\n<p>Markam\u0131z ad\u0131n\u0131 \u201cMalatya Agro\u201d kelime grubundaki harflerin birle\u015fmesinden alm\u0131\u015ft\u0131r. Geni\u015f bir yelpazede organik \u00fcr\u00fcnler ile do\u011fal kuru meyve, kuruyemi\u015f, pastane \u00fcr\u00fcnleri ve snack \u00fcr\u00fcnler alan\u0131nda \u00fcretim yapmaktay\u0131z. \u00dcretim tesisimiz Malatya II. Organize Sanayi B\u00f6lgesinde bulunmaktad\u0131r. Fabrikam\u0131z 11.000 m\u00b2 kapal\u0131, 26.000 m\u00b2 a\u00e7\u0131k alana sahiptir. T\u00fcrkiye\u2019de \u0130stanbul, Almanya\u2019da ise Krefeld \u015fehrinde sat\u0131\u015f ve pazarlama ofisimiz bulunmaktad\u0131r. \u00dcretim tesisimiz i\u00e7in, ISO Kalite Y\u00f6netim Sistemleri, HACCP, FSSC 22000, GMP, NOP ORGANIC, EOS ORGANIC, TR ORGANIK, Kosher ve Helal sertifikasyonlar\u0131m\u0131z bulunmaktad\u0131r.<\/p>\n\n\n\n<p><\/p>\n\n\n<div class=\"wp-block-image\">\n<figure class=\"aligncenter size-full\"><a href=\"https:\/\/www.teknohavuz.com\/tr\/\"><img loading=\"lazy\" decoding=\"async\" width=\"172\" height=\"83\" src=\"https:\/\/malatyaaquapark.com\/wp-content\/uploads\/2024\/06\/teknohavuz.jpg\" alt=\"\" class=\"wp-image-146\"\/><\/a><\/figure><\/div>\n\n\n<p>Y\u00fczme ve s\u00fcs havuzlar\u0131, aquaparklar ve SPA merkezleri tasar\u0131m ve imalat\u0131n\u0131 yapan firmam\u0131zd\u0131r. Bug\u00fcne kadar yurt i\u00e7inde 40\u2019dan fazla ilde, yurt d\u0131\u015f\u0131nda ise 8 farkl\u0131 \u00fclkede projeler ger\u00e7ekle\u015ftirmi\u015ftir.<\/p>\n\n\n\n<p><\/p>\n\n\n\n<p><\/p>\n\n\n<div class=\"wp-block-image\">\n<figure class=\"aligncenter size-full\"><a href=\"https:\/\/www.samlioglu.net\/insaat\/hakkimizda.html\"><img loading=\"lazy\" decoding=\"async\" width=\"269\" height=\"38\" src=\"https:\/\/malatyaaquapark.com\/wp-content\/uploads\/2024\/06\/samliogluyapi.jpg\" alt=\"\" class=\"wp-image-148\"\/><\/a><\/figure><\/div>\n\n\n<p class=\"has-text-align-center\">Konut, i\u015fyeri, sosyal tesis ve fabrika in\u015faatlar\u0131 yapan firmam\u0131zd\u0131r.<\/p>\n\n\n\n<p><\/p>\n\n\n\n<hr class=\"wp-block-separator has-alpha-channel-opacity\"\/>\n\n\n\n<p><\/p>\n\n\n\n<p class=\"has-text-align-center has-luminous-vivid-orange-color has-text-color has-link-color wp-elements-8a233fe5653ff785e685637bf8d209eb\"><strong>MALATYA&#8217;DA, TAT\u0130L VE E\u011eLENCE<\/strong><\/p>\n\n\n\n<p class=\"has-text-align-center has-medium-font-size\"><strong>MALATYA AQUAPARK&#8217;TA<\/strong><\/p>\n\n\n\n<hr class=\"wp-block-separator has-alpha-channel-opacity\"\/>\n\n\n\n<figure class=\"wp-block-video\"><video controls loop src=\"https:\/\/malatyaaquapark.com\/wp-content\/uploads\/2024\/06\/2017-AILE-HAVUZU2-1.mp4\"><\/video><\/figure>\n","protected":false},"excerpt":{"rendered":"<p>De\u011ferli Misafirlerimiz, K\u0131ymetli Malatyal\u0131lar Malatya aquapark 20 Eyl\u00fcl 2015 tarihinde Malatya\u2019l\u0131 \u015eaml\u0131o\u011flu ailesi taraf\u0131ndan sat\u0131n al\u0131nm\u0131\u015ft\u0131r. Tesis 2016 ve 2017 sezonunda k\u0131smi iyile\u015ftirmeler haricinde 2018 sezonunda komple yenilenmi\u015ftir. Malatya Aquapark, komple yenilemeden sonra bayanlara \u00f6zel y\u00fczme havuzu, \u00e7ocuklar i\u00e7in yeni y\u00fczme havuzlar\u0131 ve kayd\u0131raklar ayr\u0131ca yeti\u015fkinler i\u00e7in e\u011flenceli su kayd\u0131raklar\u0131 da tesis b\u00fcnyesine eklenmi\u015ftir. Tesisimizde [&hellip;]<\/p>\n","protected":false},"author":1,"featured_media":0,"parent":0,"menu_order":0,"comment_status":"closed","ping_status":"closed","template":"","meta":{"_regular_price":[],"currency_symbol":[],"_themeisle_gutenberg_block_has_review":false,"footnotes":""},"class_list":["post-139","page","type-page","status-publish","hentry"],"post_slider_layout_featured_media_urls":{"thumbnail":"","post_slider_layout_landscape_large":"","post_slider_layout_portrait_large":"","post_slider_layout_square_large":"","post_slider_layout_landscape":"","post_slider_layout_portrait":"","post_slider_layout_square":"","full":""},"_links":{"self":[{"href":"https:\/\/malatyaaquapark.com\/index.php\/wp-json\/wp\/v2\/pages\/139","targetHints":{"allow":["GET"]}}],"collection":[{"href":"https:\/\/malatyaaquapark.com\/index.php\/wp-json\/wp\/v2\/pages"}],"about":[{"href":"https:\/\/malatyaaquapark.com\/index.php\/wp-json\/wp\/v2\/types\/page"}],"author":[{"embeddable":true,"href":"https:\/\/malatyaaquapark.com\/index.php\/wp-json\/wp\/v2\/users\/1"}],"replies":[{"embeddable":true,"href":"https:\/\/malatyaaquapark.com\/index.php\/wp-json\/wp\/v2\/comments?post=139"}],"version-history":[{"count":4,"href":"https:\/\/malatyaaquapark.com\/index.php\/wp-json\/wp\/v2\/pages\/139\/revisions"}],"predecessor-version":[{"id":158,"href":"https:\/\/malatyaaquapark.com\/index.php\/wp-json\/wp\/v2\/pages\/139\/revisions\/158"}],"wp:attachment":[{"href":"https:\/\/malatyaaquapark.com\/index.php\/wp-json\/wp\/v2\/media?parent=139"}],"curies":[{"name":"wp","href":"https:\/\/api.w.org\/{rel}","templated":true}]}}