{"id":152,"date":"2024-06-13T20:34:30","date_gmt":"2024-06-13T20:34:30","guid":{"rendered":"http:\/\/malatyaaquapark.com\/?page_id=152"},"modified":"2025-06-05T13:41:37","modified_gmt":"2025-06-05T13:41:37","slug":"fiyatlar","status":"publish","type":"page","link":"https:\/\/malatyaaquapark.com\/index.php\/fiyatlar\/","title":{"rendered":"Fiyatlar"},"content":{"rendered":"\n<p><\/p>\n\n\n\n<p><\/p>\n\n\n\n<figure class=\"wp-block-image size-full\"><img loading=\"lazy\" decoding=\"async\" width=\"567\" height=\"1158\" src=\"https:\/\/malatyaaquapark.com\/wp-content\/uploads\/2025\/06\/Aquacity-Fiyat-Listesi-2025-01.jpg\" alt=\"\" class=\"wp-image-540\" srcset=\"https:\/\/malatyaaquapark.com\/wp-content\/uploads\/2025\/06\/Aquacity-Fiyat-Listesi-2025-01.jpg 567w, https:\/\/malatyaaquapark.com\/wp-content\/uploads\/2025\/06\/Aquacity-Fiyat-Listesi-2025-01-147x300.jpg 147w, https:\/\/malatyaaquapark.com\/wp-content\/uploads\/2025\/06\/Aquacity-Fiyat-Listesi-2025-01-501x1024.jpg 501w\" sizes=\"auto, (max-width: 567px) 100vw, 567px\" \/><\/figure>\n\n\n\n<p>&#8211; Aile ve Grup indirimlerimiz ile Ayl\u0131k Abonelik uygulamam\u0131z mevcuttur. Bu gruplarda iseniz ayr\u0131ca tesis ile g\u00f6r\u00fc\u015f\u00fcn\u00fcz.<\/p>\n\n\n\n<p>&#8211;&nbsp;<strong>L\u00dcTFEN D\u0130KKAT!!!<\/strong>&nbsp;Tesisimizde bebeklere uygun havuz ve uygun ortam olmad\u0131\u011f\u0131ndan, 0-4 ya\u015f\u0131ndaki bebekleri (48 ayl\u0131k dahil) tesise alam\u0131yoruz. Sadece 5 ya\u015f (49 ayl\u0131k) ve \u00fczeri \u00e7ocuklar\u0131n tesise ve havuzlara giri\u015fine izin verilmektedir.<\/p>\n","protected":false},"excerpt":{"rendered":"<p>&#8211; Aile ve Grup indirimlerimiz ile Ayl\u0131k Abonelik uygulamam\u0131z mevcuttur. Bu gruplarda iseniz ayr\u0131ca tesis ile g\u00f6r\u00fc\u015f\u00fcn\u00fcz. &#8211;&nbsp;L\u00dcTFEN D\u0130KKAT!!!&nbsp;Tesisimizde bebeklere uygun havuz ve uygun ortam olmad\u0131\u011f\u0131ndan, 0-4 ya\u015f\u0131ndaki bebekleri (48 ayl\u0131k dahil) tesise alam\u0131yoruz. Sadece 5 ya\u015f (49 ayl\u0131k) ve \u00fczeri \u00e7ocuklar\u0131n tesise ve havuzlara giri\u015fine izin verilmektedir.<\/p>\n","protected":false},"author":1,"featured_media":0,"parent":0,"menu_order":0,"comment_status":"closed","ping_status":"closed","template":"","meta":{"_regular_price":[],"currency_symbol":[],"_themeisle_gutenberg_block_has_review":false,"footnotes":""},"class_list":["post-152","page","type-page","status-publish","hentry"],"post_slider_layout_featured_media_urls":{"thumbnail":"","post_slider_layout_landscape_large":"","post_slider_layout_portrait_large":"","post_slider_layout_square_large":"","post_slider_layout_landscape":"","post_slider_layout_portrait":"","post_slider_layout_square":"","full":""},"_links":{"self":[{"href":"https:\/\/malatyaaquapark.com\/index.php\/wp-json\/wp\/v2\/pages\/152","targetHints":{"allow":["GET"]}}],"collection":[{"href":"https:\/\/malatyaaquapark.com\/index.php\/wp-json\/wp\/v2\/pages"}],"about":[{"href":"https:\/\/malatyaaquapark.com\/index.php\/wp-json\/wp\/v2\/types\/page"}],"author":[{"embeddable":true,"href":"https:\/\/malatyaaquapark.com\/index.php\/wp-json\/wp\/v2\/users\/1"}],"replies":[{"embeddable":true,"href":"https:\/\/malatyaaquapark.com\/index.php\/wp-json\/wp\/v2\/comments?post=152"}],"version-history":[{"count":5,"href":"https:\/\/malatyaaquapark.com\/index.php\/wp-json\/wp\/v2\/pages\/152\/revisions"}],"predecessor-version":[{"id":541,"href":"https:\/\/malatyaaquapark.com\/index.php\/wp-json\/wp\/v2\/pages\/152\/revisions\/541"}],"wp:attachment":[{"href":"https:\/\/malatyaaquapark.com\/index.php\/wp-json\/wp\/v2\/media?parent=152"}],"curies":[{"name":"wp","href":"https:\/\/api.w.org\/{rel}","templated":true}]}}