{"id":160,"date":"2024-06-14T02:48:38","date_gmt":"2024-06-14T02:48:38","guid":{"rendered":"http:\/\/malatyaaquapark.com\/?page_id=160"},"modified":"2024-06-14T02:50:55","modified_gmt":"2024-06-14T02:50:55","slug":"toplanti-ve-organizasyon","status":"publish","type":"page","link":"https:\/\/malatyaaquapark.com\/index.php\/toplanti-ve-organizasyon\/","title":{"rendered":"Toplant\u0131 ve Organizasyon"},"content":{"rendered":"\n<p><\/p>\n\n\n\n<p>Tesisimiz, \u015firket aktiviteleri ve toplant\u0131lar\u0131 i\u00e7in kurumsal m\u00fc\u015fterilerimize hizmet vermektedir. Ak\u015fam havuz ba\u015f\u0131 yemekli toplant\u0131lar, \u015firket i\u00e7i motivasyon aktiviteleri, yada tesisin g\u00fcnl\u00fck kiralanmas\u0131 gibi hizmetleri sunmaktay\u0131z.<\/p>\n\n\n\n<p><\/p>\n\n\n\n<p><\/p>\n\n\n\n<figure class=\"wp-block-gallery has-nested-images columns-default is-cropped wp-block-gallery-1 is-layout-flex wp-block-gallery-is-layout-flex\">\n<figure class=\"wp-block-image size-large\"><img loading=\"lazy\" decoding=\"async\" width=\"800\" height=\"600\" data-id=\"163\" src=\"https:\/\/malatyaaquapark.com\/wp-content\/uploads\/2024\/06\/resim69-1.jpg\" alt=\"\" class=\"wp-image-163\" srcset=\"https:\/\/malatyaaquapark.com\/wp-content\/uploads\/2024\/06\/resim69-1.jpg 800w, https:\/\/malatyaaquapark.com\/wp-content\/uploads\/2024\/06\/resim69-1-300x225.jpg 300w, https:\/\/malatyaaquapark.com\/wp-content\/uploads\/2024\/06\/resim69-1-768x576.jpg 768w\" sizes=\"auto, (max-width: 800px) 100vw, 800px\" \/><\/figure>\n\n\n\n<figure class=\"wp-block-image size-large\"><img loading=\"lazy\" decoding=\"async\" width=\"800\" height=\"600\" data-id=\"164\" src=\"https:\/\/malatyaaquapark.com\/wp-content\/uploads\/2024\/06\/resim70-1.jpg\" alt=\"\" class=\"wp-image-164\" srcset=\"https:\/\/malatyaaquapark.com\/wp-content\/uploads\/2024\/06\/resim70-1.jpg 800w, https:\/\/malatyaaquapark.com\/wp-content\/uploads\/2024\/06\/resim70-1-300x225.jpg 300w, https:\/\/malatyaaquapark.com\/wp-content\/uploads\/2024\/06\/resim70-1-768x576.jpg 768w\" sizes=\"auto, (max-width: 800px) 100vw, 800px\" \/><\/figure>\n<\/figure>\n\n\n\n<p><\/p>\n","protected":false},"excerpt":{"rendered":"<p>Tesisimiz, \u015firket aktiviteleri ve toplant\u0131lar\u0131 i\u00e7in kurumsal m\u00fc\u015fterilerimize hizmet vermektedir. Ak\u015fam havuz ba\u015f\u0131 yemekli toplant\u0131lar, \u015firket i\u00e7i motivasyon aktiviteleri, yada tesisin g\u00fcnl\u00fck kiralanmas\u0131 gibi hizmetleri sunmaktay\u0131z.<\/p>\n","protected":false},"author":1,"featured_media":0,"parent":0,"menu_order":0,"comment_status":"closed","ping_status":"closed","template":"","meta":{"_regular_price":[],"currency_symbol":[],"_themeisle_gutenberg_block_has_review":false,"footnotes":""},"class_list":["post-160","page","type-page","status-publish","hentry"],"post_slider_layout_featured_media_urls":{"thumbnail":"","post_slider_layout_landscape_large":"","post_slider_layout_portrait_large":"","post_slider_layout_square_large":"","post_slider_layout_landscape":"","post_slider_layout_portrait":"","post_slider_layout_square":"","full":""},"_links":{"self":[{"href":"https:\/\/malatyaaquapark.com\/index.php\/wp-json\/wp\/v2\/pages\/160","targetHints":{"allow":["GET"]}}],"collection":[{"href":"https:\/\/malatyaaquapark.com\/index.php\/wp-json\/wp\/v2\/pages"}],"about":[{"href":"https:\/\/malatyaaquapark.com\/index.php\/wp-json\/wp\/v2\/types\/page"}],"author":[{"embeddable":true,"href":"https:\/\/malatyaaquapark.com\/index.php\/wp-json\/wp\/v2\/users\/1"}],"replies":[{"embeddable":true,"href":"https:\/\/malatyaaquapark.com\/index.php\/wp-json\/wp\/v2\/comments?post=160"}],"version-history":[{"count":4,"href":"https:\/\/malatyaaquapark.com\/index.php\/wp-json\/wp\/v2\/pages\/160\/revisions"}],"predecessor-version":[{"id":168,"href":"https:\/\/malatyaaquapark.com\/index.php\/wp-json\/wp\/v2\/pages\/160\/revisions\/168"}],"wp:attachment":[{"href":"https:\/\/malatyaaquapark.com\/index.php\/wp-json\/wp\/v2\/media?parent=160"}],"curies":[{"name":"wp","href":"https:\/\/api.w.org\/{rel}","templated":true}]}}