{"id":169,"date":"2024-06-14T03:06:58","date_gmt":"2024-06-14T03:06:58","guid":{"rendered":"http:\/\/malatyaaquapark.com\/?page_id=169"},"modified":"2024-06-26T20:20:16","modified_gmt":"2024-06-26T20:20:16","slug":"iletisim","status":"publish","type":"page","link":"https:\/\/malatyaaquapark.com\/index.php\/iletisim\/","title":{"rendered":"\u0130leti\u015fim"},"content":{"rendered":"\n<p><\/p>\n\n\n\n<p><\/p>\n\n\n\n<p><img decoding=\"async\" src=\"https:\/\/www.aquacitymalatya.com\/tr\/_img\/header_map.png\"> Has\u0131rc\u0131lar Mah. K\u0131rkg\u00f6z Cad. No: 81-A Battalgazi \/ MALATYA <\/p>\n\n\n\n<p>     0 422 846 12 12<br><img loading=\"lazy\" decoding=\"async\" width=\"15\" height=\"15\" class=\"wp-image-537\" style=\"width: 15px;\" src=\"https:\/\/malatyaaquapark.com\/wp-content\/uploads\/2024\/06\/whatsapp-ikon.png\" alt=\"\">  0 544 846 12 12<br>     0 540 846 12 12 <br>     info@aquacitymalatya.com<\/p>\n\n\n\n<p><\/p>\n\n\n\n<p><\/p>\n\n\n<p><iframe src=\"https:\/\/www.google.com\/maps\/embed?pb=!1m18!1m12!1m3!1d3123.0989340370606!2d38.3497805!3d38.485358999999995!2m3!1f0!2f0!3f0!3m2!1i1024!2i768!4f13.1!3m3!1m2!1s0x4077b34807c746ff%3A0xeef10f1beb8f3436!2sAquacity%20Malatya!5e0!3m2!1sen!2str!4v1718333759737!5m2!1sen!2str\" width=\"600\" height=\"450\" style=\"border:0;\" allowfullscreen=\"\" loading=\"lazy\" referrerpolicy=\"no-referrer-when-downgrade\"><\/iframe><\/p>\n\n\n\n<p><\/p>\n\n\n\n<p><\/p>\n\n\n\n<figure class=\"wp-block-image size-large\"><img loading=\"lazy\" decoding=\"async\" width=\"850\" height=\"1024\" src=\"https:\/\/malatyaaquapark.com\/wp-content\/uploads\/2024\/06\/ulasim-1-850x1024.jpg\" alt=\"\" class=\"wp-image-418\" srcset=\"https:\/\/malatyaaquapark.com\/wp-content\/uploads\/2024\/06\/ulasim-1-850x1024.jpg 850w, https:\/\/malatyaaquapark.com\/wp-content\/uploads\/2024\/06\/ulasim-1-249x300.jpg 249w, https:\/\/malatyaaquapark.com\/wp-content\/uploads\/2024\/06\/ulasim-1-768x926.jpg 768w, https:\/\/malatyaaquapark.com\/wp-content\/uploads\/2024\/06\/ulasim-1.jpg 863w\" sizes=\"auto, (max-width: 850px) 100vw, 850px\" \/><\/figure>\n","protected":false},"excerpt":{"rendered":"<p>Has\u0131rc\u0131lar Mah. K\u0131rkg\u00f6z Cad. No: 81-A Battalgazi \/ MALATYA 0 422 846 12 12 0 544 846 12 12 0 540 846 12 12 info@aquacitymalatya.com<\/p>\n","protected":false},"author":1,"featured_media":0,"parent":0,"menu_order":0,"comment_status":"closed","ping_status":"closed","template":"","meta":{"_regular_price":[],"currency_symbol":[],"_themeisle_gutenberg_block_has_review":false,"footnotes":""},"class_list":["post-169","page","type-page","status-publish","hentry"],"post_slider_layout_featured_media_urls":{"thumbnail":"","post_slider_layout_landscape_large":"","post_slider_layout_portrait_large":"","post_slider_layout_square_large":"","post_slider_layout_landscape":"","post_slider_layout_portrait":"","post_slider_layout_square":"","full":""},"_links":{"self":[{"href":"https:\/\/malatyaaquapark.com\/index.php\/wp-json\/wp\/v2\/pages\/169","targetHints":{"allow":["GET"]}}],"collection":[{"href":"https:\/\/malatyaaquapark.com\/index.php\/wp-json\/wp\/v2\/pages"}],"about":[{"href":"https:\/\/malatyaaquapark.com\/index.php\/wp-json\/wp\/v2\/types\/page"}],"author":[{"embeddable":true,"href":"https:\/\/malatyaaquapark.com\/index.php\/wp-json\/wp\/v2\/users\/1"}],"replies":[{"embeddable":true,"href":"https:\/\/malatyaaquapark.com\/index.php\/wp-json\/wp\/v2\/comments?post=169"}],"version-history":[{"count":7,"href":"https:\/\/malatyaaquapark.com\/index.php\/wp-json\/wp\/v2\/pages\/169\/revisions"}],"predecessor-version":[{"id":538,"href":"https:\/\/malatyaaquapark.com\/index.php\/wp-json\/wp\/v2\/pages\/169\/revisions\/538"}],"wp:attachment":[{"href":"https:\/\/malatyaaquapark.com\/index.php\/wp-json\/wp\/v2\/media?parent=169"}],"curies":[{"name":"wp","href":"https:\/\/api.w.org\/{rel}","templated":true}]}}