{"id":70,"date":"2024-06-12T18:29:10","date_gmt":"2024-06-12T18:29:10","guid":{"rendered":"http:\/\/malatyaaquapark.com\/?page_id=70"},"modified":"2024-06-15T10:46:58","modified_gmt":"2024-06-15T10:46:58","slug":"calisma-saatleri-ve-servis","status":"publish","type":"page","link":"https:\/\/malatyaaquapark.com\/index.php\/calisma-saatleri-ve-servis\/","title":{"rendered":"\u00c7al\u0131\u015fma Saatleri ve Servis"},"content":{"rendered":"\n<figure class=\"wp-block-image size-full\"><img loading=\"lazy\" decoding=\"async\" width=\"1024\" height=\"730\" src=\"https:\/\/malatyaaquapark.com\/wp-content\/uploads\/2024\/06\/calisma-saatleri-ve-servis.jpg\" alt=\"\" class=\"wp-image-71\" srcset=\"https:\/\/malatyaaquapark.com\/wp-content\/uploads\/2024\/06\/calisma-saatleri-ve-servis.jpg 1024w, https:\/\/malatyaaquapark.com\/wp-content\/uploads\/2024\/06\/calisma-saatleri-ve-servis-300x214.jpg 300w, https:\/\/malatyaaquapark.com\/wp-content\/uploads\/2024\/06\/calisma-saatleri-ve-servis-768x548.jpg 768w\" sizes=\"auto, (max-width: 1024px) 100vw, 1024px\" \/><\/figure>\n\n\n\n<p><\/p>\n\n\n\n<p><\/p>\n\n\n\n<p>\u2022 Bayanlar (Aile) havuzumuzu sadece kad\u0131nlar, k\u0131z \u00e7ocuklar\u0131 ve 7 ya\u015f\u0131na kadar olan erkek \u00e7ocuklar\u0131 kullanabilir. 7 ya\u015f \u00fczeri erkek \u00e7ocuklar\u0131 bayanlar havuzuna giremez, karma havuz b\u00f6l\u00fcm\u00fcn\u00fc kullanabilirler.<br>\u2022 0-4 ya\u015f grubu bebekler, havuzlar\u0131 kullanamaz. Su hijyeninin korunmas\u0131 i\u00e7in 0-4 ya\u015f bebeklerin havuzlara sokulmas\u0131 yasakt\u0131r.<\/p>\n\n\n\n<hr class=\"wp-block-separator has-alpha-channel-opacity\"\/>\n\n\n\n<p><strong><br>ALKA AQUACITY SERV\u0130S SAATLER\u0130 (Her g\u00fcn):<br><\/strong><\/p>\n\n\n\n<figure class=\"wp-block-image size-full\"><img loading=\"lazy\" decoding=\"async\" width=\"696\" height=\"650\" src=\"https:\/\/malatyaaquapark.com\/wp-content\/uploads\/2024\/06\/KALKIS-SERVIS-SAATLERI.png\" alt=\"\" class=\"wp-image-72\" srcset=\"https:\/\/malatyaaquapark.com\/wp-content\/uploads\/2024\/06\/KALKIS-SERVIS-SAATLERI.png 696w, https:\/\/malatyaaquapark.com\/wp-content\/uploads\/2024\/06\/KALKIS-SERVIS-SAATLERI-300x280.png 300w\" sizes=\"auto, (max-width: 696px) 100vw, 696px\" \/><\/figure>\n\n\n\n<h1 class=\"wp-block-heading\"><br><em><mark style=\"background-color:rgba(0, 0, 0, 0)\" class=\"has-inline-color has-luminous-vivid-orange-color\">&#8220;SERV\u0130SLER\u0130M\u0130Z \u00dcCRETL\u0130D\u0130R&#8221;<\/mark><\/em><\/h1>\n\n\n\n<hr class=\"wp-block-separator has-alpha-channel-opacity\"\/>\n\n\n\n<p><br>Tesisimiz Malatya Battalgazi il\u00e7esi baraj g\u00f6l\u00fc kenar\u0131nda kuruludur.<br><br>Alka Aquacity Malatya tesis servislerimiz, Atat\u00fcrk (K\u0131\u015fla) Caddesi ile Sivas caddesinin kesi\u015fti\u011fi kav\u015fak noktas\u0131ndan hareket etmektedir. Tesis hareket saatleri a\u015fa\u011f\u0131da belirtilmi\u015ftir.<br><br>Tesisimize kendi arac\u0131 ile gelmek isteyen m\u00fc\u015fterilerimiz i\u00e7in kroki altta verilmi\u015ftir. 12 ya\u015f\u0131ndan k\u00fc\u00e7\u00fck \u00e7ocuklar\u0131n ebeveynleri yanlar\u0131nda olmad\u0131\u011f\u0131 zaman havuza giri\u015fine izin verilmemektedir.<\/p>\n\n\n\n<figure class=\"wp-block-image size-large\"><img loading=\"lazy\" decoding=\"async\" width=\"850\" height=\"1024\" src=\"https:\/\/malatyaaquapark.com\/wp-content\/uploads\/2024\/06\/ulasim-850x1024.jpg\" alt=\"\" class=\"wp-image-76\" srcset=\"https:\/\/malatyaaquapark.com\/wp-content\/uploads\/2024\/06\/ulasim-850x1024.jpg 850w, https:\/\/malatyaaquapark.com\/wp-content\/uploads\/2024\/06\/ulasim-249x300.jpg 249w, https:\/\/malatyaaquapark.com\/wp-content\/uploads\/2024\/06\/ulasim-768x926.jpg 768w, https:\/\/malatyaaquapark.com\/wp-content\/uploads\/2024\/06\/ulasim.jpg 863w\" sizes=\"auto, (max-width: 850px) 100vw, 850px\" \/><\/figure>\n","protected":false},"excerpt":{"rendered":"<p>\u2022 Bayanlar (Aile) havuzumuzu sadece kad\u0131nlar, k\u0131z \u00e7ocuklar\u0131 ve 7 ya\u015f\u0131na kadar olan erkek \u00e7ocuklar\u0131 kullanabilir. 7 ya\u015f \u00fczeri erkek \u00e7ocuklar\u0131 bayanlar havuzuna giremez, karma havuz b\u00f6l\u00fcm\u00fcn\u00fc kullanabilirler.\u2022 0-4 ya\u015f grubu bebekler, havuzlar\u0131 kullanamaz. Su hijyeninin korunmas\u0131 i\u00e7in 0-4 ya\u015f bebeklerin havuzlara sokulmas\u0131 yasakt\u0131r. ALKA AQUACITY SERV\u0130S SAATLER\u0130 (Her g\u00fcn): &#8220;SERV\u0130SLER\u0130M\u0130Z \u00dcCRETL\u0130D\u0130R&#8221; Tesisimiz Malatya Battalgazi [&hellip;]<\/p>\n","protected":false},"author":1,"featured_media":0,"parent":0,"menu_order":0,"comment_status":"closed","ping_status":"closed","template":"","meta":{"_regular_price":[],"currency_symbol":[],"_themeisle_gutenberg_block_has_review":false,"footnotes":""},"class_list":["post-70","page","type-page","status-publish","hentry"],"post_slider_layout_featured_media_urls":{"thumbnail":"","post_slider_layout_landscape_large":"","post_slider_layout_portrait_large":"","post_slider_layout_square_large":"","post_slider_layout_landscape":"","post_slider_layout_portrait":"","post_slider_layout_square":"","full":""},"_links":{"self":[{"href":"https:\/\/malatyaaquapark.com\/index.php\/wp-json\/wp\/v2\/pages\/70","targetHints":{"allow":["GET"]}}],"collection":[{"href":"https:\/\/malatyaaquapark.com\/index.php\/wp-json\/wp\/v2\/pages"}],"about":[{"href":"https:\/\/malatyaaquapark.com\/index.php\/wp-json\/wp\/v2\/types\/page"}],"author":[{"embeddable":true,"href":"https:\/\/malatyaaquapark.com\/index.php\/wp-json\/wp\/v2\/users\/1"}],"replies":[{"embeddable":true,"href":"https:\/\/malatyaaquapark.com\/index.php\/wp-json\/wp\/v2\/comments?post=70"}],"version-history":[{"count":4,"href":"https:\/\/malatyaaquapark.com\/index.php\/wp-json\/wp\/v2\/pages\/70\/revisions"}],"predecessor-version":[{"id":378,"href":"https:\/\/malatyaaquapark.com\/index.php\/wp-json\/wp\/v2\/pages\/70\/revisions\/378"}],"wp:attachment":[{"href":"https:\/\/malatyaaquapark.com\/index.php\/wp-json\/wp\/v2\/media?parent=70"}],"curies":[{"name":"wp","href":"https:\/\/api.w.org\/{rel}","templated":true}]}}