{"id":90,"date":"2024-06-12T20:25:39","date_gmt":"2024-06-12T20:25:39","guid":{"rendered":"http:\/\/malatyaaquapark.com\/?page_id=90"},"modified":"2024-06-26T19:59:22","modified_gmt":"2024-06-26T19:59:22","slug":"havuz-ve-kaydiraklar","status":"publish","type":"page","link":"https:\/\/malatyaaquapark.com\/index.php\/havuz-ve-kaydiraklar\/","title":{"rendered":"Havuz ve Kayd\u0131raklar"},"content":{"rendered":"\n<div id=\"wp-block-themeisle-blocks-advanced-columns-dbf4b65a\" class=\"wp-block-themeisle-blocks-advanced-columns has-1-columns has-desktop-equal-layout has-tablet-equal-layout has-mobile-equal-layout has-vertical-unset\"><div class=\"wp-block-themeisle-blocks-advanced-columns-overlay\"><\/div><div class=\"innerblocks-wrap\">\n<div id=\"wp-block-themeisle-blocks-advanced-column-d7523a22\" class=\"wp-block-themeisle-blocks-advanced-column\">\n<div class=\"wp-block-cover has-parallax wp-duotone-magenta-yellow\" style=\"min-height:100vh;aspect-ratio:unset;\"><span aria-hidden=\"true\" class=\"wp-block-cover__background has-background-dim\"><\/span><div class=\"wp-block-cover__image-background wp-image-95 has-parallax\" style=\"background-position:50% 50%;background-image:url(https:\/\/malatyaaquapark.com\/wp-content\/uploads\/2024\/06\/AQUAPARK-TESIS-KURALLARI-3-1024x576.png)\"><\/div><div class=\"wp-block-cover__inner-container is-layout-flow wp-block-cover-is-layout-flow\">\n<p><strong>Yaz\u0131n vazge\u00e7ilmez e\u011flencesi havuz ve kayd\u0131raklar&#8230;<\/strong><\/p>\n\n\n\n<p><\/p>\n\n\n\n<p>Alka Aquacity Malatya&#8217;da e\u011flenmeniz i\u00e7in yeteri kadar havuz ve yeteri kadar kayd\u0131rak var. Yaz\u0131n s\u0131cak g\u00fcnlerinde serinlemek i\u00e7in bizi tercih edebilirsiniz, ailenizle g\u00fczel bir g\u00fcn ge\u00e7irmek i\u00e7in bizi tercih edebilirsiniz, arkada\u015flar\u0131n\u0131zla unutulmayacak bir g\u00fcn ya\u015famak i\u00e7in bizi tercih edebilirsiniz, bronzla\u015fmak i\u00e7in bizi tercih edebilirsiniz, aquapark kayd\u0131raklar\u0131nda adrenalin i\u00e7in bizi tercih edebilirsiniz, \u00e7ocuklar\u0131n\u0131za deniz ortam\u0131 ya\u015fatmak i\u00e7in bizi tercih edebilirsiniz, g\u00fczel an\u0131lar biriktirmek, stresinizi atmak i\u00e7in bizi tercih edebilirsiniz, k\u0131sacas\u0131 bizi tercih etmeniz i\u00e7in bir \u00e7ok neden var. \u00dcstelik tesisimize gelirken \u00e7anta haz\u0131rlaman\u0131za gerek yok. \u0130htiyac\u0131n\u0131z olan her\u015fey ma\u011fazam\u0131zda var. Hemen gelin. Malatya&#8217;da g\u00fcn\u00fcbirlik tatil yapmak isteyenler Malatya AquaPark sizleri bekliyor. Malatya Aqua City; G\u00f6l manzaras\u0131, tertimiz do\u011fas\u0131 ve tamamen ye\u015fillikler i\u00e7indeki do\u011fas\u0131yla Malatya&#8217;da g\u00fcn\u00fcbirlik tatil arayan tatil severlerin hizmetindedir.<\/p>\n\n\n\n<p><\/p>\n<\/div><\/div>\n<\/div>\n<\/div><\/div>\n\n\n\n<div class=\"wp-block-media-text is-stacked-on-mobile\" style=\"grid-template-columns:27% auto\"><figure class=\"wp-block-media-text__media\"><img loading=\"lazy\" decoding=\"async\" width=\"1024\" height=\"572\" src=\"https:\/\/malatyaaquapark.com\/wp-content\/uploads\/2024\/06\/AQUA-CITY-HAVUZ-4-1024x572.jpg\" alt=\"\" class=\"wp-image-98 size-full\" srcset=\"https:\/\/malatyaaquapark.com\/wp-content\/uploads\/2024\/06\/AQUA-CITY-HAVUZ-4-1024x572.jpg 1024w, https:\/\/malatyaaquapark.com\/wp-content\/uploads\/2024\/06\/AQUA-CITY-HAVUZ-4-300x168.jpg 300w, https:\/\/malatyaaquapark.com\/wp-content\/uploads\/2024\/06\/AQUA-CITY-HAVUZ-4-768x429.jpg 768w, https:\/\/malatyaaquapark.com\/wp-content\/uploads\/2024\/06\/AQUA-CITY-HAVUZ-4-1536x859.jpg 1536w, https:\/\/malatyaaquapark.com\/wp-content\/uploads\/2024\/06\/AQUA-CITY-HAVUZ-4-2048x1145.jpg 2048w\" sizes=\"auto, (max-width: 1024px) 100vw, 1024px\" \/><\/figure><div class=\"wp-block-media-text__content\">\n<p><strong>Aile Yeti\u015fkin Y\u00fczme Havuzu (Sadece bayanlar ve k\u0131z \u00e7ocuklar\u0131)<\/strong><\/p>\n\n\n\n<p>Aile havuzumuz 12.5\u00d728 m \u00f6l\u00e7\u00fclerinde, 350 m2 b\u00fcy\u00fckl\u00fc\u011f\u00fcndedir. Su derinli\u011fi 1.4 metredir. Havuzumuzun kapasitesi 175 ki\u015fi\/saattir. Bu havuzu sadece yeti\u015fkin bayanlar ile 7-12 ya\u015f&nbsp; k\u0131z \u00e7ocuklar\u0131 kullanabilir. 12 ya\u015f\u0131na kadar olan t\u00fcm \u00e7ocuklar\u0131n ebeveynleri yanlar\u0131nda olmadan bu havuza girmeleri kesinlikle yasakt\u0131r.<\/p>\n\n\n\n<p>7 ya\u015f\u0131ndan k\u00fc\u00e7\u00fck \u00e7ocuklar, ebeveynleri yanlar\u0131nda olsa bile, sadece \u00e7ocuk havuzunu kullanabilirler. 7 ya\u015f\u0131ndan k\u00fc\u00e7\u00fck \u00e7ocuklar\u0131n yeti\u015fkin aile havuzunu kullanmalar\u0131 yasakt\u0131r. Burada t\u00fcm sorumluluk ebeveynlere aittir.<\/p>\n<\/div><\/div>\n\n\n\n<hr class=\"wp-block-separator has-alpha-channel-opacity\"\/>\n\n\n\n<div class=\"wp-block-media-text is-stacked-on-mobile\" style=\"grid-template-columns:27% auto\"><figure class=\"wp-block-media-text__media\"><img loading=\"lazy\" decoding=\"async\" width=\"1024\" height=\"572\" src=\"https:\/\/malatyaaquapark.com\/wp-content\/uploads\/2024\/06\/AQUA-CITY-HAVUZ-LOGOLU-5-1024x572.jpg\" alt=\"\" class=\"wp-image-99 size-full\" srcset=\"https:\/\/malatyaaquapark.com\/wp-content\/uploads\/2024\/06\/AQUA-CITY-HAVUZ-LOGOLU-5-1024x572.jpg 1024w, https:\/\/malatyaaquapark.com\/wp-content\/uploads\/2024\/06\/AQUA-CITY-HAVUZ-LOGOLU-5-300x168.jpg 300w, https:\/\/malatyaaquapark.com\/wp-content\/uploads\/2024\/06\/AQUA-CITY-HAVUZ-LOGOLU-5-768x429.jpg 768w, https:\/\/malatyaaquapark.com\/wp-content\/uploads\/2024\/06\/AQUA-CITY-HAVUZ-LOGOLU-5-1536x859.jpg 1536w, https:\/\/malatyaaquapark.com\/wp-content\/uploads\/2024\/06\/AQUA-CITY-HAVUZ-LOGOLU-5-2048x1145.jpg 2048w\" sizes=\"auto, (max-width: 1024px) 100vw, 1024px\" \/><\/figure><div class=\"wp-block-media-text__content\">\n<p><strong>Aile \u00c7ocuk Havuzu (k\u0131z \u00e7ocuklar\u0131 ve sadece 7 ya\u015f\u0131na kadar erkek \u00e7ocuklar\u0131)\u200b<\/strong><\/p>\n\n\n\n<p>Aile \u00e7ocuk havuzumuz 5\u00d710 m \u00f6l\u00e7\u00fclerinde, 50 m2 b\u00fcy\u00fckl\u00fc\u011f\u00fcndedir. Su derinli\u011fi 0.5 metredir. Havuzumuzun kapasitesi 25 ki\u015fi\/saattir. Bu havuzu sadece k\u0131z \u00e7ocuklar\u0131 ve 7 ya\u015f\u0131n\u0131 ge\u00e7memi\u015f erkek \u00e7ocuklar\u0131 kullanabilir. 7 ya\u015f\u0131ndan b\u00fcy\u00fck erkek \u00e7ocuklar\u0131 bu havuzu kullanamaz, ancak karma havuz b\u00f6l\u00fcm\u00fcndeki \u00e7ocuk havuzunu kullanabilir. \u00c7ocuklar\u0131n ebeveynleri yanlar\u0131nda olmadan bu havuza girmeleri kesinlikle yasakt\u0131r.<\/p>\n<\/div><\/div>\n\n\n\n<hr class=\"wp-block-separator has-alpha-channel-opacity\"\/>\n\n\n\n<div class=\"wp-block-media-text is-stacked-on-mobile\" style=\"grid-template-columns:27% auto\"><figure class=\"wp-block-media-text__media\"><img loading=\"lazy\" decoding=\"async\" width=\"1024\" height=\"682\" src=\"https:\/\/malatyaaquapark.com\/wp-content\/uploads\/2024\/06\/Yetiskin-Krma-Yuzme-Havvuzu-1024x682.jpg\" alt=\"\" class=\"wp-image-101 size-full\" srcset=\"https:\/\/malatyaaquapark.com\/wp-content\/uploads\/2024\/06\/Yetiskin-Krma-Yuzme-Havvuzu-1024x682.jpg 1024w, https:\/\/malatyaaquapark.com\/wp-content\/uploads\/2024\/06\/Yetiskin-Krma-Yuzme-Havvuzu-300x200.jpg 300w, https:\/\/malatyaaquapark.com\/wp-content\/uploads\/2024\/06\/Yetiskin-Krma-Yuzme-Havvuzu-768x512.jpg 768w, https:\/\/malatyaaquapark.com\/wp-content\/uploads\/2024\/06\/Yetiskin-Krma-Yuzme-Havvuzu-1200x800.jpg 1200w, https:\/\/malatyaaquapark.com\/wp-content\/uploads\/2024\/06\/Yetiskin-Krma-Yuzme-Havvuzu-600x400.jpg 600w, https:\/\/malatyaaquapark.com\/wp-content\/uploads\/2024\/06\/Yetiskin-Krma-Yuzme-Havvuzu.jpg 1250w\" sizes=\"auto, (max-width: 1024px) 100vw, 1024px\" \/><\/figure><div class=\"wp-block-media-text__content\">\n<p><strong>Yeti\u015fkin Y\u00fczme Havuzu ( Bay\/Bayan Karma)<\/strong><\/p>\n\n\n\n<p>Yeti\u015fkin karma y\u00fczme havuzumuz; 24\u00d745 m \u00f6l\u00e7\u00fclerinde, 1.100 m2 b\u00fcy\u00fckl\u00fc\u011f\u00fcndedir. Su derinli\u011fi 1.2 metreden 1.7 metreye do\u011fru derinle\u015fir. Havuzumuzun kapasitesi 550 ki\u015fi\/saattir. Bu havuzu sadece yeti\u015fkin bay ve bayanlar ile 12 ya\u015f \u00fczeri gen\u00e7ler kullanabilir. 7-12 ya\u015f aras\u0131 \u00e7ocuklar\u0131n ebeveynleri yanlar\u0131nda olmadan havuza girmeleri kesinlikle yasakt\u0131r.<\/p>\n\n\n\n<p>7 ya\u015f\u0131ndan k\u00fc\u00e7\u00fckler, ebeveynleri yanlar\u0131nda olsa bile bu havuzu kullanamaz. 7 ya\u015f\u0131ndan k\u00fc\u00e7\u00fck \u00e7ocuklar ebeveynleri nezaretinde sadece \u00e7ocuk havuzunu kullanabilirler. Yeti\u015fkin havuzunu kullanmalar\u0131 yasakt\u0131r. Burada t\u00fcm sorumluluk ebeveynlere aittir.<\/p>\n<\/div><\/div>\n\n\n\n<hr class=\"wp-block-separator has-alpha-channel-opacity\"\/>\n\n\n\n<p><\/p>\n\n\n\n<div class=\"wp-block-media-text is-stacked-on-mobile\" style=\"grid-template-columns:27% auto\"><figure class=\"wp-block-media-text__media\"><img loading=\"lazy\" decoding=\"async\" width=\"1024\" height=\"683\" src=\"https:\/\/malatyaaquapark.com\/wp-content\/uploads\/2024\/06\/HALI-KAYDIRAK-HAVUZ-1-1024x683.jpg\" alt=\"\" class=\"wp-image-104 size-full\" srcset=\"https:\/\/malatyaaquapark.com\/wp-content\/uploads\/2024\/06\/HALI-KAYDIRAK-HAVUZ-1-1024x683.jpg 1024w, https:\/\/malatyaaquapark.com\/wp-content\/uploads\/2024\/06\/HALI-KAYDIRAK-HAVUZ-1-300x200.jpg 300w, https:\/\/malatyaaquapark.com\/wp-content\/uploads\/2024\/06\/HALI-KAYDIRAK-HAVUZ-1-768x512.jpg 768w, https:\/\/malatyaaquapark.com\/wp-content\/uploads\/2024\/06\/HALI-KAYDIRAK-HAVUZ-1-600x400.jpg 600w, https:\/\/malatyaaquapark.com\/wp-content\/uploads\/2024\/06\/HALI-KAYDIRAK-HAVUZ-1.jpg 1200w\" sizes=\"auto, (max-width: 1024px) 100vw, 1024px\" \/><\/figure><div class=\"wp-block-media-text__content\">\n<p><strong>Hal\u0131 Kayd\u0131rak<\/strong><\/p>\n\n\n\n<p>Aqua City Malatya y\u00fczme havuzu keyfini hal\u0131 kayd\u0131rakla \u00e7\u0131kar\u0131n. Hal\u0131 kayd\u0131rak Aqua City Malatya\u2019da bulunan en \u00f6zel su kayd\u0131ra\u011f\u0131 ve su e\u011flencesini doyas\u0131ya ya\u015faman\u0131z i\u00e7in tasarland\u0131.<\/p>\n<\/div><\/div>\n\n\n\n<hr class=\"wp-block-separator has-alpha-channel-opacity\"\/>\n\n\n\n<p><\/p>\n\n\n\n<div class=\"wp-block-media-text is-stacked-on-mobile\" style=\"grid-template-columns:27% auto\"><figure class=\"wp-block-media-text__media\"><img loading=\"lazy\" decoding=\"async\" width=\"1024\" height=\"683\" src=\"https:\/\/malatyaaquapark.com\/wp-content\/uploads\/2024\/06\/Virajli-Kaydirak-1-1024x683.jpg\" alt=\"\" class=\"wp-image-105 size-full\" srcset=\"https:\/\/malatyaaquapark.com\/wp-content\/uploads\/2024\/06\/Virajli-Kaydirak-1-1024x683.jpg 1024w, https:\/\/malatyaaquapark.com\/wp-content\/uploads\/2024\/06\/Virajli-Kaydirak-1-300x200.jpg 300w, https:\/\/malatyaaquapark.com\/wp-content\/uploads\/2024\/06\/Virajli-Kaydirak-1-768x512.jpg 768w, https:\/\/malatyaaquapark.com\/wp-content\/uploads\/2024\/06\/Virajli-Kaydirak-1-600x400.jpg 600w, https:\/\/malatyaaquapark.com\/wp-content\/uploads\/2024\/06\/Virajli-Kaydirak-1.jpg 1200w\" sizes=\"auto, (max-width: 1024px) 100vw, 1024px\" \/><\/figure><div class=\"wp-block-media-text__content\">\n<p><strong>Yeti\u015fkin Kayd\u0131rak Havuzu ( Bay\/Bayan Karma)<\/strong><\/p>\n\n\n\n<p>Yeti\u015fkin Kayd\u0131rak D\u00fc\u015fme Havuzu 8\u00d77 m \u00f6l\u00e7\u00fclerinde, 60 m2 b\u00fcy\u00fckl\u00fc\u011f\u00fcndedir. Derinli\u011fi 1.3 metredir. Bu havuzda yeti\u015fkinler i\u00e7in geni\u015f hal\u0131 kayd\u0131rak, h\u0131zl\u0131 a\u00e7\u0131k t\u00fcrb\u00fclans kayd\u0131rak ve a\u00e7\u0131k virajl\u0131 kayd\u0131rak bulunur. Bu havuzu ve kayd\u0131raklar\u0131 sadece yeti\u015fkinler ve 12 ya\u015f\u0131ndan b\u00fcy\u00fck gen\u00e7ler kullanabilir.<\/p>\n<\/div><\/div>\n\n\n\n<hr class=\"wp-block-separator has-alpha-channel-opacity\"\/>\n\n\n\n<p><\/p>\n\n\n\n<div class=\"wp-block-media-text is-stacked-on-mobile\" style=\"grid-template-columns:27% auto\"><figure class=\"wp-block-media-text__media\"><img loading=\"lazy\" decoding=\"async\" width=\"307\" height=\"208\" src=\"https:\/\/malatyaaquapark.com\/wp-content\/uploads\/2024\/06\/resim92.jpg\" alt=\"\" class=\"wp-image-106 size-full\" srcset=\"https:\/\/malatyaaquapark.com\/wp-content\/uploads\/2024\/06\/resim92.jpg 307w, https:\/\/malatyaaquapark.com\/wp-content\/uploads\/2024\/06\/resim92-300x203.jpg 300w\" sizes=\"auto, (max-width: 307px) 100vw, 307px\" \/><\/figure><div class=\"wp-block-media-text__content\">\n<p><strong>T\u00fcrb\u00fclans Kayd\u0131rak<\/strong><\/p>\n\n\n\n<p>Aqua City Malatya misafirlerimizi kayd\u0131rakl\u0131 havuzlarda yeni bir kayd\u0131rakla kar\u015f\u0131l\u0131yoruz: t\u00fcrb\u00fclans Kayd\u0131rak. \u015eekil olarak virajl\u0131 kayd\u0131ra\u011fa benzese de t\u00fcrb\u00fclans kayd\u0131rak da heyecandan \u00e7ok daha fazla ba\u015f\u0131n\u0131z d\u00f6necek.<\/p>\n<\/div><\/div>\n\n\n\n<hr class=\"wp-block-separator has-alpha-channel-opacity\"\/>\n\n\n\n<div class=\"wp-block-media-text is-stacked-on-mobile\" style=\"grid-template-columns:27% auto\"><figure class=\"wp-block-media-text__media\"><img loading=\"lazy\" decoding=\"async\" width=\"250\" height=\"170\" src=\"https:\/\/malatyaaquapark.com\/wp-content\/uploads\/2024\/06\/resim93.jpg\" alt=\"\" class=\"wp-image-107 size-full\"\/><\/figure><div class=\"wp-block-media-text__content\">\n<p><strong>\u00c7ocuklara \u00d6zel Kayd\u0131rakl\u0131 Havuz:<\/strong><\/p>\n\n\n\n<p>Aquacity Malatya\u2019da \u00e7ocuklar g\u00f6n\u00fcllerince e\u011fleniyor.<\/p>\n\n\n\n<p>Malatya Aquapark \u00e7ocuklara \u00f6zel y\u00fczme havuzlar\u0131 ile \u00e7ocuklar\u0131n yaz e\u011flencesini katl\u0131yor. \u00c7ocuklar kendileri i\u00e7in haz\u0131rlanm\u0131\u015f y\u00fczme havuzu ve su kayd\u0131raklar\u0131nda g\u00f6n\u00fcllerince e\u011flenip, yaz tatillerinde keyifli tatil an\u0131lar\u0131 biriktiriyor. \u00c7ocuklara \u00f6zel y\u00fczme havuzunda \u00e7ocuk hal\u0131 kayd\u0131rak, tav\u015fan kayd\u0131rak, kaplumba\u011fa kayd\u0131rak, ahtapot kayd\u0131rak, fil kayd\u0131rak aktiviteleri ile su e\u011flencesini doyas\u0131ya ya\u015fayacaklar.<\/p>\n<\/div><\/div>\n\n\n\n<hr class=\"wp-block-separator has-alpha-channel-opacity\"\/>\n\n\n\n<div class=\"wp-block-media-text is-stacked-on-mobile\" style=\"grid-template-columns:26% auto\"><figure class=\"wp-block-media-text__media\"><img loading=\"lazy\" decoding=\"async\" width=\"307\" height=\"208\" src=\"https:\/\/malatyaaquapark.com\/wp-content\/uploads\/2024\/06\/resim94.jpg\" alt=\"\" class=\"wp-image-109 size-full\" srcset=\"https:\/\/malatyaaquapark.com\/wp-content\/uploads\/2024\/06\/resim94.jpg 307w, https:\/\/malatyaaquapark.com\/wp-content\/uploads\/2024\/06\/resim94-300x203.jpg 300w\" sizes=\"auto, (max-width: 307px) 100vw, 307px\" \/><\/figure><div class=\"wp-block-media-text__content\">\n<p><strong>\u00c7ocuk Hal\u0131 Kayd\u0131rak<\/strong><\/p>\n\n\n\n<p>\u00c7ocuk hal\u0131 kayd\u0131rak \u00e7ocuklar\u0131m\u0131za \u00f6zel y\u00fczme havuzumuzda bulunmaktad\u0131r. \u00c7ocuklar\u0131m\u0131z\u0131n y\u00fczme keyfini artt\u0131r\u0131yoruz.<\/p>\n<\/div><\/div>\n\n\n\n<hr class=\"wp-block-separator has-alpha-channel-opacity\"\/>\n\n\n\n<div class=\"wp-block-media-text is-stacked-on-mobile\" style=\"grid-template-columns:26% auto\"><figure class=\"wp-block-media-text__media\"><img loading=\"lazy\" decoding=\"async\" width=\"307\" height=\"208\" src=\"https:\/\/malatyaaquapark.com\/wp-content\/uploads\/2024\/06\/resim95.jpg\" alt=\"\" class=\"wp-image-110 size-full\" srcset=\"https:\/\/malatyaaquapark.com\/wp-content\/uploads\/2024\/06\/resim95.jpg 307w, https:\/\/malatyaaquapark.com\/wp-content\/uploads\/2024\/06\/resim95-300x203.jpg 300w\" sizes=\"auto, (max-width: 307px) 100vw, 307px\" \/><\/figure><div class=\"wp-block-media-text__content\">\n<p><strong>\u00c7ocuk Ahtapot Kayd\u0131rak<\/strong><\/p>\n\n\n\n<p>\u00c7ocuklar\u0131m\u0131z\u0131n y\u00fczme havuzunda daha fazla e\u011flenmelerini sa\u011flamak i\u00e7in \u00e7ocuk ahtapot kayd\u0131ra\u011f\u0131n\u0131 \u00e7ocuk y\u00fczme havuzumuza ekledik.<\/p>\n<\/div><\/div>\n\n\n\n<hr class=\"wp-block-separator has-alpha-channel-opacity\"\/>\n\n\n\n<p><\/p>\n\n\n\n<div class=\"wp-block-media-text is-stacked-on-mobile\" style=\"grid-template-columns:26% auto\"><figure class=\"wp-block-media-text__media\"><img loading=\"lazy\" decoding=\"async\" width=\"307\" height=\"208\" src=\"https:\/\/malatyaaquapark.com\/wp-content\/uploads\/2024\/06\/resim96.jpg\" alt=\"\" class=\"wp-image-112 size-full\" srcset=\"https:\/\/malatyaaquapark.com\/wp-content\/uploads\/2024\/06\/resim96.jpg 307w, https:\/\/malatyaaquapark.com\/wp-content\/uploads\/2024\/06\/resim96-300x203.jpg 300w\" sizes=\"auto, (max-width: 307px) 100vw, 307px\" \/><\/figure><div class=\"wp-block-media-text__content\">\n<p><strong>Tav\u015fan Kayd\u0131rak<\/strong><\/p>\n\n\n\n<p>Tav\u015fan kayd\u0131rak da Aqua City Malatya y\u00fczme havuzunun \u00e7ocuklara y\u00f6nelik y\u00fczme e\u011flencesini daha da art\u0131rmaya y\u00f6nelik \u00e7ocuk y\u00fczme havuzuna eklemi\u015f oldu\u011fu aktivitelerdendir.<\/p>\n<\/div><\/div>\n\n\n\n<hr class=\"wp-block-separator has-alpha-channel-opacity\"\/>\n\n\n\n<p><\/p>\n\n\n\n<div class=\"wp-block-media-text is-stacked-on-mobile\" style=\"grid-template-columns:26% auto\"><figure class=\"wp-block-media-text__media\"><img loading=\"lazy\" decoding=\"async\" width=\"307\" height=\"208\" src=\"https:\/\/malatyaaquapark.com\/wp-content\/uploads\/2024\/06\/resim97.jpg\" alt=\"\" class=\"wp-image-113 size-full\" srcset=\"https:\/\/malatyaaquapark.com\/wp-content\/uploads\/2024\/06\/resim97.jpg 307w, https:\/\/malatyaaquapark.com\/wp-content\/uploads\/2024\/06\/resim97-300x203.jpg 300w\" sizes=\"auto, (max-width: 307px) 100vw, 307px\" \/><\/figure><div class=\"wp-block-media-text__content\">\n<p><strong>Fil Kayd\u0131rak<\/strong><\/p>\n\n\n\n<p>Fil kayd\u0131rak \u00e7ocuk y\u00fczme havuzunda \u00e7ocuklar\u0131m\u0131z\u0131n y\u00fczme havuzu keyfini katl\u0131yor.<\/p>\n<\/div><\/div>\n\n\n\n<hr class=\"wp-block-separator has-alpha-channel-opacity\"\/>\n\n\n\n<p><\/p>\n\n\n\n<div class=\"wp-block-media-text is-stacked-on-mobile\" style=\"grid-template-columns:26% auto\"><figure class=\"wp-block-media-text__media\"><img loading=\"lazy\" decoding=\"async\" width=\"307\" height=\"208\" src=\"https:\/\/malatyaaquapark.com\/wp-content\/uploads\/2024\/06\/resim98.jpg\" alt=\"\" class=\"wp-image-114 size-full\" srcset=\"https:\/\/malatyaaquapark.com\/wp-content\/uploads\/2024\/06\/resim98.jpg 307w, https:\/\/malatyaaquapark.com\/wp-content\/uploads\/2024\/06\/resim98-300x203.jpg 300w\" sizes=\"auto, (max-width: 307px) 100vw, 307px\" \/><\/figure><div class=\"wp-block-media-text__content\">\n<p><strong>Kurba\u011fa Kayd\u0131rak<\/strong><\/p>\n\n\n\n<p>Kurba\u011fa kayd\u0131rak Aqua City Malatya \u00e7ocuk y\u00fczme havuzunda y\u00fczme aktivitesini \u00e7ocuklar i\u00e7in daha e\u011flenceli hale getirmek i\u00e7in \u00e7ocuk y\u00fczme havuzu k\u0131sm\u0131na eklenmi\u015f \u00e7ocuk kayd\u0131raklar\u0131ndand\u0131r.<\/p>\n<\/div><\/div>\n","protected":false},"excerpt":{"rendered":"<p>Aile Yeti\u015fkin Y\u00fczme Havuzu (Sadece bayanlar ve k\u0131z \u00e7ocuklar\u0131) Aile havuzumuz 12.5\u00d728 m \u00f6l\u00e7\u00fclerinde, 350 m2 b\u00fcy\u00fckl\u00fc\u011f\u00fcndedir. Su derinli\u011fi 1.4 metredir. Havuzumuzun kapasitesi 175 ki\u015fi\/saattir. Bu havuzu sadece yeti\u015fkin bayanlar ile 7-12 ya\u015f&nbsp; k\u0131z \u00e7ocuklar\u0131 kullanabilir. 12 ya\u015f\u0131na kadar olan t\u00fcm \u00e7ocuklar\u0131n ebeveynleri yanlar\u0131nda olmadan bu havuza girmeleri kesinlikle yasakt\u0131r. 7 ya\u015f\u0131ndan k\u00fc\u00e7\u00fck \u00e7ocuklar, ebeveynleri [&hellip;]<\/p>\n","protected":false},"author":1,"featured_media":0,"parent":0,"menu_order":0,"comment_status":"closed","ping_status":"closed","template":"","meta":{"_regular_price":[],"currency_symbol":[],"_themeisle_gutenberg_block_has_review":false,"footnotes":""},"class_list":["post-90","page","type-page","status-publish","hentry"],"post_slider_layout_featured_media_urls":{"thumbnail":"","post_slider_layout_landscape_large":"","post_slider_layout_portrait_large":"","post_slider_layout_square_large":"","post_slider_layout_landscape":"","post_slider_layout_portrait":"","post_slider_layout_square":"","full":""},"_links":{"self":[{"href":"https:\/\/malatyaaquapark.com\/index.php\/wp-json\/wp\/v2\/pages\/90","targetHints":{"allow":["GET"]}}],"collection":[{"href":"https:\/\/malatyaaquapark.com\/index.php\/wp-json\/wp\/v2\/pages"}],"about":[{"href":"https:\/\/malatyaaquapark.com\/index.php\/wp-json\/wp\/v2\/types\/page"}],"author":[{"embeddable":true,"href":"https:\/\/malatyaaquapark.com\/index.php\/wp-json\/wp\/v2\/users\/1"}],"replies":[{"embeddable":true,"href":"https:\/\/malatyaaquapark.com\/index.php\/wp-json\/wp\/v2\/comments?post=90"}],"version-history":[{"count":10,"href":"https:\/\/malatyaaquapark.com\/index.php\/wp-json\/wp\/v2\/pages\/90\/revisions"}],"predecessor-version":[{"id":531,"href":"https:\/\/malatyaaquapark.com\/index.php\/wp-json\/wp\/v2\/pages\/90\/revisions\/531"}],"wp:attachment":[{"href":"https:\/\/malatyaaquapark.com\/index.php\/wp-json\/wp\/v2\/media?parent=90"}],"curies":[{"name":"wp","href":"https:\/\/api.w.org\/{rel}","templated":true}]}}